{"id":306,"date":"2020-11-16T09:58:45","date_gmt":"2020-11-16T08:58:45","guid":{"rendered":"https:\/\/www.momjan.com\/?page_id=306"},"modified":"2026-01-17T22:09:57","modified_gmt":"2026-01-17T21:09:57","slug":"essen","status":"publish","type":"page","link":"https:\/\/www.momjan.com\/en\/essen\/","title":{"rendered":"ESSEN"},"content":{"rendered":"<p>[et_pb_section fb_built=&#8220;1&#8243; fullwidth=&#8220;on&#8220; _builder_version=&#8220;4.16&#8243; _module_preset=&#8220;default&#8220; global_colors_info=&#8220;{}&#8220;][et_pb_fullwidth_header title=&#8220;nisi optimum&#8220; _builder_version=&#8220;4.16&#8243; _module_preset=&#8220;default&#8220; content_font_size=&#8220;20px&#8220; background_image=&#8220;https:\/\/www.momjan.com\/wp-content\/uploads\/2020\/11\/ingredients-498199_1920.jpg&#8220; global_colors_info=&#8220;{}&#8220;]<\/p>\n<h3>Nur das beste!<\/h3>\n<p>Mehr als eine Lebenseinstellung.<\/p>\n<p>Ab 2023 auch zu 100% vegetarisch m\u00f6glich!<\/p>\n<p>&nbsp;<\/p>\n<h3><\/h3>\n<p>[\/et_pb_fullwidth_header][\/et_pb_section][et_pb_section fb_built=&#8220;1&#8243; _builder_version=&#8220;4.16&#8243; _module_preset=&#8220;default&#8220; global_colors_info=&#8220;{}&#8220;][et_pb_row column_structure=&#8220;3_5,2_5&#8243; use_custom_gutter=&#8220;on&#8220; gutter_width=&#8220;2&#8243; make_equal=&#8220;on&#8220; _builder_version=&#8220;4.16&#8243; _module_preset=&#8220;default&#8220; global_colors_info=&#8220;{}&#8220;][et_pb_column type=&#8220;3_5&#8243; _builder_version=&#8220;4.16&#8243; _module_preset=&#8220;default&#8220; global_colors_info=&#8220;{}&#8220;][et_pb_image src=&#8220;https:\/\/www.momjan.com\/wp-content\/uploads\/2022\/01\/Gerichte_0400-scaled.jpg&#8220; title_text=&#8220;Gerichte Riederer&#8220; _builder_version=&#8220;4.16&#8243; _module_preset=&#8220;default&#8220; global_colors_info=&#8220;{}&#8220;][\/et_pb_image][\/et_pb_column][et_pb_column type=&#8220;2_5&#8243; _builder_version=&#8220;4.16&#8243; _module_preset=&#8220;default&#8220; custom_padding=&#8220;50px|30px|||false|false&#8220; global_colors_info=&#8220;{}&#8220;][et_pb_text _builder_version=&#8220;4.16&#8243; _module_preset=&#8220;default&#8220; header_2_font_size=&#8220;37px&#8220; custom_padding=&#8220;1px|||||&#8220; global_colors_info=&#8220;{}&#8220;]<\/p>\n<h2>TomR<\/h2>\n<h4 style=\"text-align: center;\">~Thomas Riederer ~<br \/>Gastgeber und Koch als Berufung.<\/h4>\n<p>Was 2005 in Leutschach als neuer Lebensabschnitt begonnen hat, trifft nun in Momjan auf die h\u00f6chste Kunst der Gastronomie &#8211; Gastgeber sein. In seinem Werdegang hat sich Tom R immer wieder an die Spitze der steirischen und \u00f6sterreichischen K\u00f6che gearbeitet. Ausgezeichnet im Michelin, <a href=\"https:\/\/www.restaurant-ranglisten.de\/news-magazin\/details\/3602-gaultmillau-oesterreich-vorgestellt\/\">Gault Millau<\/a>, <a href=\"https:\/\/www.falstaff.at\/suche\/#tom%20riederer%20tom%20r;default\" title=\"Tom\">Falstaff<\/a>, <a href=\"http:\/\/stephaniegolser.blogspot.com\/2013\/05\/a-la-carte-melanzani.html\">a la Carte<\/a> und unz\u00e4hligen Punkten geh\u00f6rt der Autodidakt zu den besten seines Faches und pr\u00e4sentiert Ihnen sein K\u00f6nnen nun im kleinsten Rahmen, als Ihr Gastgeber in der Casa Dante.<\/p>\n<p>&nbsp;<\/p>\n<p>&nbsp;<\/p>\n<p>[\/et_pb_text][\/et_pb_column][\/et_pb_row][\/et_pb_section][et_pb_section fb_built=&#8220;1&#8243; _builder_version=&#8220;4.16&#8243; _module_preset=&#8220;default&#8220; background_image=&#8220;https:\/\/www.momjan.com\/wp-content\/uploads\/2021\/05\/tr_0121-scaled.jpg&#8220; parallax=&#8220;on&#8220; min_height=&#8220;507px&#8220; global_colors_info=&#8220;{}&#8220;][et_pb_row _builder_version=&#8220;4.16&#8243; _module_preset=&#8220;default&#8220; custom_padding=&#8220;150px||||false|false&#8220; global_colors_info=&#8220;{}&#8220;][et_pb_column type=&#8220;4_4&#8243; _builder_version=&#8220;4.16&#8243; _module_preset=&#8220;default&#8220; global_colors_info=&#8220;{}&#8220;][et_pb_text _builder_version=&#8220;4.16&#8243; _module_preset=&#8220;default&#8220; text_text_color=&#8220;#000000&#8243; text_font_size=&#8220;1px&#8220; text_letter_spacing=&#8220;2px&#8220; text_line_height=&#8220;2.6em&#8220; header_text_align=&#8220;center&#8220; header_text_color=&#8220;#000000&#8243; header_2_text_color=&#8220;#FFFFFF&#8220; header_2_font_size=&#8220;69px&#8220; text_orientation=&#8220;center&#8220; filter_contrast=&#8220;97%&#8220; text_text_shadow_style=&#8220;preset5&#8243; text_text_shadow_color=&#8220;#000000&#8243; box_shadow_style=&#8220;preset6&#8243; box_shadow_horizontal=&#8220;80px&#8220; box_shadow_vertical=&#8220;52px&#8220; box_shadow_blur=&#8220;36px&#8220; box_shadow_spread=&#8220;-24px&#8220; box_shadow_color=&#8220;#000000&#8243; global_colors_info=&#8220;{}&#8220;]<\/p>\n<h2 style=\"text-align: center;\">Es duftet nach Mee(h)r<\/h2>\n<p>[\/et_pb_text][\/et_pb_column][\/et_pb_row][\/et_pb_section][et_pb_section fb_built=&#8220;1&#8243; _builder_version=&#8220;4.16&#8243; _module_preset=&#8220;default&#8220; global_colors_info=&#8220;{}&#8220;][et_pb_row column_structure=&#8220;2_5,3_5&#8243; _builder_version=&#8220;4.16&#8243; _module_preset=&#8220;default&#8220; hover_enabled=&#8220;0&#8243; global_colors_info=&#8220;{}&#8220; sticky_enabled=&#8220;0&#8243;][et_pb_column type=&#8220;2_5&#8243; _builder_version=&#8220;4.16&#8243; _module_preset=&#8220;default&#8220; global_colors_info=&#8220;{}&#8220;][et_pb_text _builder_version=&#8220;4.27.4&#8243; _module_preset=&#8220;default&#8220; header_2_font_size=&#8220;35px&#8220; custom_padding=&#8220;28px||||false|false&#8220; hover_enabled=&#8220;0&#8243; global_colors_info=&#8220;{}&#8220; sticky_enabled=&#8220;0&#8243;]<\/p>\n<h2>\u00dcber die kulinarische Landschaft Istriens.<\/h2>\n<p>Die istrische K\u00fcche als origin\u00e4r zu bezeichnen ist umstritten, ist durch die stetigen Ver\u00e4nderungen unterworfen worden und wird durch ihre Vielf\u00e4ltigkeit auch oft &#8222;K\u00fcche der Regionen&#8220; genannt. Mit dieser Inspiration ist sie ein Wechselspiel aus tradionellen Einfl\u00fcssen des osmanischen Reiches, sowie \u00d6sterreich-Ungarn, aber auch von der modernen K\u00fcche des Mittelmeeres, wo auch griechisch-orientalische Einfl\u00fcsse in diesem Potpourri aus vegetarisch, Meer &amp; Land spielt.<\/p>\n<p><a href=\"https:\/\/www.momjan.com\/wp-content\/uploads\/2026\/01\/Preisliste-2026.pdf\" title=\"Preisliste 2026\"><img loading=\"lazy\" decoding=\"async\" src=\"https:\/\/cdn-icons-png.flaticon.com\/512\/4961\/4961562.png\" alt=\"preisliste  kostenlos Icon\" width=\"106\" height=\"106\" style=\"display: block; margin-left: auto; margin-right: auto;\" \/><\/a><\/p>\n<p>&nbsp;<\/p>\n<p>&nbsp;<\/p>\n<p>[\/et_pb_text][\/et_pb_column][et_pb_column type=&#8220;3_5&#8243; _builder_version=&#8220;4.16&#8243; _module_preset=&#8220;default&#8220; global_colors_info=&#8220;{}&#8220;][et_pb_image src=&#8220;https:\/\/www.momjan.com\/wp-content\/uploads\/2021\/12\/Gerichte_0363-scaled.jpg&#8220; title_text=&#8220;Gerichte Riederer&#8220; _builder_version=&#8220;4.16&#8243; _module_preset=&#8220;default&#8220; global_colors_info=&#8220;{}&#8220;][\/et_pb_image][\/et_pb_column][\/et_pb_row][et_pb_row _builder_version=&#8220;4.16&#8243; _module_preset=&#8220;default&#8220; global_colors_info=&#8220;{}&#8220;][et_pb_column type=&#8220;4_4&#8243; _builder_version=&#8220;4.16&#8243; _module_preset=&#8220;default&#8220; global_colors_info=&#8220;{}&#8220;][et_pb_gallery gallery_ids=&#8220;2346,2349,2351,2350,2354,2355,2352,2353,2395,2358,2407,2362,2359,2404,2365,2364,2405,2363&#8243; fullwidth=&#8220;on&#8220; _builder_version=&#8220;4.16&#8243; _module_preset=&#8220;default&#8220; animation_style=&#8220;slide&#8220; animation_delay=&#8220;250ms&#8220; auto=&#8220;on&#8220; global_colors_info=&#8220;{}&#8220;][\/et_pb_gallery][\/et_pb_column][\/et_pb_row][\/et_pb_section]<\/p>\n","protected":false},"excerpt":{"rendered":"<p>Nur das beste! Mehr als eine Lebenseinstellung. Ab 2023 auch zu 100% vegetarisch m\u00f6glich! &nbsp; TomR ~Thomas Riederer ~Gastgeber und Koch als Berufung. Was 2005 in Leutschach als neuer Lebensabschnitt begonnen hat, trifft nun in Momjan auf die h\u00f6chste Kunst der Gastronomie &#8211; Gastgeber sein. In seinem Werdegang hat sich Tom R immer wieder an [&hellip;]<\/p>\n","protected":false},"author":1,"featured_media":0,"parent":0,"menu_order":0,"comment_status":"closed","ping_status":"closed","template":"","meta":{"_et_pb_use_builder":"on","_et_pb_old_content":"","_et_gb_content_width":"","footnotes":""},"class_list":["post-306","page","type-page","status-publish","hentry"],"_links":{"self":[{"href":"https:\/\/www.momjan.com\/en\/wp-json\/wp\/v2\/pages\/306","targetHints":{"allow":["GET"]}}],"collection":[{"href":"https:\/\/www.momjan.com\/en\/wp-json\/wp\/v2\/pages"}],"about":[{"href":"https:\/\/www.momjan.com\/en\/wp-json\/wp\/v2\/types\/page"}],"author":[{"embeddable":true,"href":"https:\/\/www.momjan.com\/en\/wp-json\/wp\/v2\/users\/1"}],"replies":[{"embeddable":true,"href":"https:\/\/www.momjan.com\/en\/wp-json\/wp\/v2\/comments?post=306"}],"version-history":[{"count":32,"href":"https:\/\/www.momjan.com\/en\/wp-json\/wp\/v2\/pages\/306\/revisions"}],"predecessor-version":[{"id":2994,"href":"https:\/\/www.momjan.com\/en\/wp-json\/wp\/v2\/pages\/306\/revisions\/2994"}],"wp:attachment":[{"href":"https:\/\/www.momjan.com\/en\/wp-json\/wp\/v2\/media?parent=306"}],"curies":[{"name":"wp","href":"https:\/\/api.w.org\/{rel}","templated":true}]}}