{"id":364,"date":"2021-04-07T14:18:08","date_gmt":"2021-04-07T12:18:08","guid":{"rendered":"https:\/\/www.momjan.com\/?page_id=364"},"modified":"2025-08-09T10:58:08","modified_gmt":"2025-08-09T08:58:08","slug":"soon","status":"publish","type":"page","link":"https:\/\/www.momjan.com\/en\/","title":{"rendered":"HOME"},"content":{"rendered":"<p>[et_pb_section fb_built=&#8220;1&#8243; fullwidth=&#8220;on&#8220; admin_label=&#8220;Header Section&#8220; _builder_version=&#8220;4.27.2&#8243; background_color=&#8220;#000000&#8243; custom_padding=&#8220;|||&#8220; global_colors_info=&#8220;{}&#8220;][\/et_pb_section][et_pb_section fb_built=&#8220;1&#8243; fullwidth=&#8220;on&#8220; admin_label=&#8220;Header Section&#8220; _builder_version=&#8220;4.16&#8243; background_color=&#8220;#000000&#8243; custom_padding=&#8220;|||&#8220; global_colors_info=&#8220;{}&#8220;][et_pb_fullwidth_header title=&#8220;Casa Dante&#8220; subhead=&#8220;Boutique &#038; Guesthouse&#8220; logo_image_url=&#8220;https:\/\/www.momjan.com\/wp-content\/uploads\/2020\/11\/CD.png&#8220; content_max_width=&#8220;90%&#8220; admin_label=&#8220;Contents&#8220; _builder_version=&#8220;4.27.2&#8243; _module_preset=&#8220;default&#8220; title_level=&#8220;h6&#8243; title_font=&#8220;HeroNew UL||||||||&#8220; content_text_color=&#8220;#FFFFFF&#8220; content_font_size=&#8220;22px&#8220; content_line_height=&#8220;1.9em&#8220; subhead_font=&#8220;HeroNew UL|600|||||||&#8220; background_image=&#8220;https:\/\/www.momjan.com\/wp-content\/uploads\/2021\/12\/UnsereHochzeit_Tag1\u00a9MichaelaLorber-1-scaled.jpg&#8220; background_video_mp4=&#8220;https:\/\/www.momjan.com\/wp-content\/uploads\/2025\/05\/Hintergrund_Video.mp4&#8243; allow_player_pause=&#8220;on&#8220; custom_css_before=&#8220;p { font-family: %22new-hero%22, sans-serif; font-weight: 200; font-style: normal; }&#8220; button_one_border_color_hover=&#8220;#c99872&#8243; button_one_border_radius_hover=&#8220;0px&#8220; button_one_letter_spacing_hover=&#8220;3px&#8220; button_one_bg_color_hover=&#8220;#c99872&#8243; global_colors_info=&#8220;{}&#8220;]<\/p>\n<p style=\"text-align: center;\">Momjan &#8211; Momiano<br \/><span style=\"margin-left: auto; margin-right: auto;\"><span style=\"margin-left: auto; margin-right: auto;\"><span style=\"margin-left: auto; margin-right: auto;\"><span style=\"text-align: right; margin-left: auto; margin-right: auto;\"><span style=\"margin-left: auto; margin-right: auto;\"><span style=\"margin-left: auto; margin-right: auto;\"><span style=\"margin-left: auto; margin-right: auto;\"><\/span><\/span><\/span><\/span><\/span><\/span><\/span><\/p>\n<p><a href=\"https:\/\/www.facebook.com\/tomrmomjan\/\" title=\"Casa Dante Momjan \"><img loading=\"lazy\" decoding=\"async\" src=\"https:\/\/allfacebook.de\/wp-content\/uploads\/2020\/02\/f_logo_RGB-Blue_1024-300x300.png\" width=\"24\" height=\"24\" style=\"display: block; margin-left: auto; margin-right: auto;\" \/><\/a><a href=\"https:\/\/www.instagram.com\/tomr_momjan_casadante\/\" title=\"Casa Dante Momjan \" style=\"text-align: center;\"><img loading=\"lazy\" decoding=\"async\" src=\"https:\/\/allfacebook.de\/wp-content\/uploads\/2020\/02\/ig-logo-normal-300x300.png\" width=\"25\" height=\"25\" \/><\/a><br \/><a href=\"https:\/\/wa.me\/message\/74EPNBD5YR5UA1?src=qr\" target=\"_blank\" rel=\"noopener\" title=\"Whatsapp\"><img loading=\"lazy\" decoding=\"async\" src=\"https:\/\/www.momjan.com\/wp-content\/uploads\/2023\/01\/410201-PD8Q35-186-150x150.png\" width=\"26\" height=\"26\" alt=\"\" class=\"wp-image-2574 alignnone size-thumbnail\" srcset=\"https:\/\/www.momjan.com\/wp-content\/uploads\/2023\/01\/410201-PD8Q35-186-150x150.png 150w, https:\/\/www.momjan.com\/wp-content\/uploads\/2023\/01\/410201-PD8Q35-186-100x100.png 100w, https:\/\/www.momjan.com\/wp-content\/uploads\/2023\/01\/410201-PD8Q35-186-12x12.png 12w, https:\/\/www.momjan.com\/wp-content\/uploads\/2023\/01\/410201-PD8Q35-186.png 292w\" sizes=\"(max-width: 26px) 100vw, 26px\" \/><\/a><\/p>\n<p style=\"text-align: center;\"><span style=\"text-align: center;\"><\/span><\/p>\n<p style=\"text-align: right;\"><a href=\"https:\/\/www.facebook.com\/tomrmomjan\/\" title=\"Casa Dante Momjan \">\u00a0<\/a><\/p>\n<p>[\/et_pb_fullwidth_header][\/et_pb_section][et_pb_section fb_built=&#8220;1&#8243; _builder_version=&#8220;4.16&#8243; _module_preset=&#8220;default&#8220; custom_padding=&#8220;0px||0px|||&#8220; global_colors_info=&#8220;{}&#8220;][et_pb_row column_structure=&#8220;1_2,1_2&#8243; use_custom_gutter=&#8220;on&#8220; gutter_width=&#8220;1&#8243; make_equal=&#8220;on&#8220; custom_padding_last_edited=&#8220;off|desktop&#8220; module_class=&#8220; et_pb_row_fullwidth&#8220; _builder_version=&#8220;4.16&#8243; _module_preset=&#8220;default&#8220; width=&#8220;100%&#8220; width_tablet=&#8220;100%&#8220; width_phone=&#8220;&#8220; width_last_edited=&#8220;on|desktop&#8220; max_width=&#8220;100%&#8220; max_width_tablet=&#8220;100%&#8220; max_width_phone=&#8220;&#8220; max_width_last_edited=&#8220;on|desktop&#8220; min_height=&#8220;466px&#8220; custom_margin=&#8220;|auto|0px|auto|false|false&#8220; custom_margin_last_edited=&#8220;off|phone&#8220; custom_padding=&#8220;0px|0px|0px|0px&#8220; global_colors_info=&#8220;{}&#8220;][et_pb_column type=&#8220;1_2&#8243; _builder_version=&#8220;4.16&#8243; _module_preset=&#8220;default&#8220; background_color=&#8220;#FFFFFF&#8220; background_enable_image=&#8220;off&#8220; background_position=&#8220;top_center&#8220; custom_padding=&#8220;0px||||false|false&#8220; custom_padding_phone=&#8220;300px||||false|false&#8220; custom_padding_last_edited=&#8220;off|desktop&#8220; global_colors_info=&#8220;{}&#8220;][et_pb_image src=&#8220;https:\/\/www.momjan.com\/wp-content\/uploads\/2022\/01\/Herbstwanderung_0153-scaled.jpg&#8220; title_text=&#8220;Herbstwanderung&#8220; align=&#8220;center&#8220; _builder_version=&#8220;4.27.2&#8243; _module_preset=&#8220;default&#8220; width=&#8220;100%&#8220; module_alignment=&#8220;center&#8220; custom_margin=&#8220;150px||150px||false|false&#8220; global_colors_info=&#8220;{}&#8220;][\/et_pb_image][\/et_pb_column][et_pb_column type=&#8220;1_2&#8243; _builder_version=&#8220;4.16&#8243; _module_preset=&#8220;default&#8220; background_color=&#8220;#FFFFFF&#8220; global_colors_info=&#8220;{}&#8220;][et_pb_text _builder_version=&#8220;4.16&#8243; _module_preset=&#8220;default&#8220; header_font=&#8220;||||||||&#8220; transform_scale_tablet=&#8220;&#8220; transform_scale_phone=&#8220;&#8220; transform_scale_last_edited=&#8220;on|desktop&#8220; transform_translate_tablet=&#8220;&#8220; transform_translate_phone=&#8220;7px|3px&#8220; transform_translate_last_edited=&#8220;on|phone&#8220; transform_rotate_tablet=&#8220;&#8220; transform_rotate_phone=&#8220;&#8220; transform_rotate_last_edited=&#8220;on|desktop&#8220; transform_skew_tablet=&#8220;&#8220; transform_skew_phone=&#8220;&#8220; transform_skew_last_edited=&#8220;on|desktop&#8220; transform_origin_tablet=&#8220;&#8220; transform_origin_phone=&#8220;&#8220; transform_origin_last_edited=&#8220;on|desktop&#8220; transform_styles_last_edited=&#8220;on|phone&#8220; width=&#8220;95%&#8220; max_width=&#8220;80%&#8220; max_width_tablet=&#8220;&#8220; max_width_phone=&#8220;93%&#8220; max_width_last_edited=&#8220;on|phone&#8220; module_alignment=&#8220;center&#8220; custom_padding=&#8220;149px||0px||false|false&#8220; custom_padding_tablet=&#8220;&#8220; custom_padding_phone=&#8220;||51px||false|false&#8220; custom_padding_last_edited=&#8220;on|phone&#8220; transform_styles_tablet=&#8220;&#8220; transform_styles_phone=&#8220;&#8220; module_alignment_tablet=&#8220;center&#8220; module_alignment_phone=&#8220;left&#8220; module_alignment_last_edited=&#8220;on|phone&#8220; global_colors_info=&#8220;{}&#8220;]<\/p>\n<h1>Wir freuen uns&#8230;<\/h1>\n<p style=\"text-align: left;\">Sie bei uns in Momjan\/Momiano begr\u00fc\u00dfen zu d\u00fcrfen. Momjan ist f\u00fcr uns der Inbegriff eines entschleunigten und genusserf\u00fcllten Lebens- gef\u00fchls. Ankommen und Abschalten liegen f\u00fcr uns hier in Nordistrien sehr nahe beieinander.<\/p>\n<p>Wir, Tom und Katarina Riederer haben hier unsere neue Heimat gefunden und m\u00f6chten unser St\u00fcck vom Gl\u00fcck hier mit Ihnen teilen. Erleben Sie unsere Interpretation von mediterraner Frische, klassischen Akzenten und modernem Dasein.<\/p>\n<p style=\"text-align: center;\">Alle Best of Adressen in Istrien<\/p>\n<p style=\"text-align: center;\"><a href=\"https:\/\/www.reise-magazine.com\/de\/online-ausgabe\/istrien-magazin\/2023\/\" title=\"Istrienmagazin Aktuell\"><img loading=\"lazy\" decoding=\"async\" src=\"https:\/\/img.freepik.com\/vektoren-premium\/pin-symbol-zeigt-den-standort-der-gps-karte-an_68708-398.jpg?w=2000\" alt=\"Bilder \u2013 Standort | Gratis Vektoren, Fotos und PSDs\" width=\"158\" height=\"158\" \/><\/a><\/p>\n<p style=\"text-align: center;\">Herzlich willkommen in Momjan &#8211; Istrien<\/p>\n<p>[\/et_pb_text][\/et_pb_column][\/et_pb_row][\/et_pb_section][et_pb_section fb_built=&#8220;1&#8243; _builder_version=&#8220;4.16&#8243; _module_preset=&#8220;default&#8220; background_image=&#8220;https:\/\/www.momjan.com\/wp-content\/uploads\/2021\/05\/Casa-Dante-April-2021-08.jpg&#8220; parallax=&#8220;on&#8220; min_height=&#8220;650px&#8220; height=&#8220;650px&#8220; max_height=&#8220;650px&#8220; background_last_edited=&#8220;off|phone&#8220; global_colors_info=&#8220;{}&#8220;][et_pb_row _builder_version=&#8220;4.16&#8243; _module_preset=&#8220;default&#8220; background_color=&#8220;rgba(0,0,0,0.32)&#8220; custom_padding=&#8220;75px||||false|false&#8220; global_colors_info=&#8220;{}&#8220;][et_pb_column type=&#8220;4_4&#8243; _builder_version=&#8220;4.16&#8243; _module_preset=&#8220;default&#8220; global_colors_info=&#8220;{}&#8220;][et_pb_text _builder_version=&#8220;4.16&#8243; _module_preset=&#8220;default&#8220; text_text_color=&#8220;#FFFFFF&#8220; header_2_text_color=&#8220;#FFFFFF&#8220; header_2_font_size=&#8220;73px&#8220; header_2_font_size_tablet=&#8220;&#8220; header_2_font_size_phone=&#8220;30px&#8220; header_2_font_size_last_edited=&#8220;on|phone&#8220; text_text_shadow_style=&#8220;preset1&#8243; header_2_text_shadow_style=&#8220;preset1&#8243; global_colors_info=&#8220;{}&#8220;]<\/p>\n<h2 style=\"text-align: center;\">LEBENS &amp; SCHLAF(T)R\u00c4UME<\/h2>\n<p style=\"text-align: center;\">Entdecken Sie die gro\u00dfz\u00fcgigen Maisonetten der Casa Dante oder der Casa San Martino .<\/p>\n<p>[\/et_pb_text][et_pb_button button_url=&#8220;@ET-DC@eyJkeW5hbWljIjp0cnVlLCJjb250ZW50IjoicG9zdF9saW5rX3VybF9wYWdlIiwic2V0dGluZ3MiOnsicG9zdF9pZCI6IjMwMCJ9fQ==@&#8220; button_text=&#8220;Eintauchen.&#8220; button_alignment=&#8220;center&#8220; _builder_version=&#8220;4.16&#8243; _dynamic_attributes=&#8220;button_url&#8220; _module_preset=&#8220;default&#8220; button_text_color=&#8220;#FFFFFF&#8220; button_use_icon=&#8220;off&#8220; transform_translate=&#8220;0px|0px&#8220; transform_translate_linked=&#8220;off&#8220; background_layout=&#8220;dark&#8220; button_text_shadow_style=&#8220;preset1&#8243; box_shadow_style=&#8220;preset1&#8243; global_colors_info=&#8220;{}&#8220;][\/et_pb_button][\/et_pb_column][\/et_pb_row][\/et_pb_section][et_pb_section fb_built=&#8220;1&#8243; _builder_version=&#8220;4.16&#8243; _module_preset=&#8220;default&#8220; background_color=&#8220;#FFFFFF&#8220; global_colors_info=&#8220;{}&#8220;][et_pb_row _builder_version=&#8220;4.16&#8243; _module_preset=&#8220;default&#8220; global_colors_info=&#8220;{}&#8220;][et_pb_column type=&#8220;4_4&#8243; _builder_version=&#8220;4.16&#8243; _module_preset=&#8220;default&#8220; global_colors_info=&#8220;{}&#8220;][et_pb_text _builder_version=&#8220;4.16&#8243; _module_preset=&#8220;default&#8220; global_colors_info=&#8220;{}&#8220;]<\/p>\n<h2 style=\"text-align: center;\"><em>&#8222;Wir sind ein Lebensort f\u00fcr Individualisten.&#8220;<\/em><\/h2>\n<p style=\"text-align: center;\">~ Katarina &amp; Tom R ~<\/p>\n<p>[\/et_pb_text][\/et_pb_column][\/et_pb_row][\/et_pb_section][et_pb_section fb_built=&#8220;1&#8243; fullwidth=&#8220;on&#8220; _builder_version=&#8220;4.16&#8243; _module_preset=&#8220;default&#8220; top_divider_color=&#8220;RGBA(0,0,0,0)&#8220; global_colors_info=&#8220;{}&#8220;][et_pb_fullwidth_header title=&#8220;Mee(h)rblick&#8220; subhead=&#8220;~ Entdeckungen soweit das Auge reicht ~&#8220; header_scroll_down=&#8220;off&#8220; title_last_edited=&#8220;off|desktop&#8220; _builder_version=&#8220;4.16&#8243; _module_preset=&#8220;26170b15-7849-4562-80db-ebd820a5f7f3&#8243; subhead_font_size=&#8220;19px&#8220; background_color=&#8220;RGBA(0,0,0,0)&#8220; background_enable_image=&#8220;off&#8220; background_video_mp4=&#8220;https:\/\/www.momjan.com\/wp-content\/uploads\/2021\/05\/Aussicht_Hintergrund.mov&#8220; max_height=&#8220;600px&#8220; title_font_size_phone=&#8220;43px&#8220; global_colors_info=&#8220;{}&#8220; title__hover_enabled=&#8220;off|desktop&#8220; title__hover=&#8220;momjan&#8220;][\/et_pb_fullwidth_header][\/et_pb_section][et_pb_section fb_built=&#8220;1&#8243; _builder_version=&#8220;4.16&#8243; _module_preset=&#8220;default&#8220; background_color=&#8220;#FFFFFF&#8220; global_colors_info=&#8220;{}&#8220;][et_pb_row column_structure=&#8220;1_3,2_3&#8243; _builder_version=&#8220;4.16&#8243; _module_preset=&#8220;default&#8220; global_colors_info=&#8220;{}&#8220;][et_pb_column type=&#8220;1_3&#8243; _builder_version=&#8220;4.16&#8243; _module_preset=&#8220;default&#8220; global_colors_info=&#8220;{}&#8220;][et_pb_text _builder_version=&#8220;4.16&#8243; _module_preset=&#8220;default&#8220; text_text_color=&#8220;#000000&#8243; header_text_color=&#8220;#000000&#8243; header_2_text_color=&#8220;#000000&#8243; header_2_font_size=&#8220;47px&#8220; custom_padding=&#8220;75px||||false|false&#8220; global_colors_info=&#8220;{}&#8220;]<\/p>\n<h2 style=\"text-align: right;\">Essen<\/h2>\n<p style=\"text-align: right;\">Erleben Sie istrische K\u00fcche neu interpretiert von <a href=\"https:\/\/www.google.com\/search?q=thomas+riederer&amp;rlz=1C1CHBD_deAT910AT910&amp;biw=1280&amp;bih=609&amp;sxsrf=AOaemvJiMzvXs3SjoCK80tWUvI401JWXbA%3A1642875795108&amp;ei=k0vsYZ7eBaep9u8P_-KPoAo&amp;ved=0ahUKEwje87Sh_cX1AhWnlP0HHX_xA6QQ4dUDCA4&amp;uact=5&amp;oq=thomas+riederer&amp;gs_lcp=Cgdnd3Mtd2l6EAMyBAgjECcyBAgjECcyBAgjECcyBQgAEIAEMgUIABCABDIGCAAQFhAeMgYIABAWEB4yBggAEBYQHjIGCAAQFhAeMgYIABAWEB46CgguEMcBEK8BECc6BAgAEEM6BAguEEM6EAguEIAEEIcCEMcBEKMCEBQ6CggAEIAEEIcCEBQ6CwguEIAEEMcBEK8BOgUILhCABDoLCC4QgAQQxwEQ0QM6CgguEIAEEIcCEBQ6CwguEIAEEMcBEKMCOgsILhDHARDRAxDLAToFCC4QywE6BQgAEMsBSgQIQRgASgQIRhgAUABYqSFgqiVoAHACeACAAZgBiAHMDZIBBDMuMTKYAQCgAQHAAQE&amp;sclient=gws-wiz\" title=\"TomR\"><strong>TomR<\/strong><\/a>. Das Wechselspiel aus Einfl\u00fcssen verschiedenster Kulturen zeichnet die gro\u00dfartigen Gerichte im Herzen Istriens aus.<\/p>\n<p style=\"text-align: right;\">2023 Neu &#8211; kulinarisch &#8211; vegetarisch\u00a0\u00a0<\/p>\n<p>[\/et_pb_text][et_pb_button button_url=&#8220;@ET-DC@eyJkeW5hbWljIjp0cnVlLCJjb250ZW50IjoicG9zdF9saW5rX3VybF9wYWdlIiwic2V0dGluZ3MiOnsicG9zdF9pZCI6IjMwNiJ9fQ==@&#8220; button_text=&#8220;Erfahren Sie mehr&#8220; button_alignment=&#8220;left&#8220; button_alignment_tablet=&#8220;left&#8220; button_alignment_phone=&#8220;left&#8220; button_alignment_last_edited=&#8220;on|phone&#8220; _builder_version=&#8220;4.16&#8243; _dynamic_attributes=&#8220;button_url&#8220; _module_preset=&#8220;default&#8220; button_text_size=&#8220;21px&#8220; button_text_color=&#8220;#000000&#8243; button_bg_color=&#8220;RGBA(0,0,0,0)&#8220; button_border_color=&#8220;#FFFFFF&#8220; button_use_icon=&#8220;off&#8220; background_layout=&#8220;dark&#8220; global_colors_info=&#8220;{}&#8220;][\/et_pb_button][\/et_pb_column][et_pb_column type=&#8220;2_3&#8243; _builder_version=&#8220;4.16&#8243; _module_preset=&#8220;default&#8220; global_colors_info=&#8220;{}&#8220;][et_pb_image src=&#8220;https:\/\/www.momjan.com\/wp-content\/uploads\/2022\/01\/Gerichte_0386-scaled.jpg&#8220; title_text=&#8220;Gerichte Riederer&#8220; _builder_version=&#8220;4.16&#8243; _module_preset=&#8220;default&#8220; custom_margin_tablet=&#8220;&#8220; custom_margin_phone=&#8220;50px||||false|false&#8220; custom_margin_last_edited=&#8220;on|phone&#8220; global_colors_info=&#8220;{}&#8220;][\/et_pb_image][\/et_pb_column][\/et_pb_row][\/et_pb_section][et_pb_section fb_built=&#8220;1&#8243; _builder_version=&#8220;4.27.4&#8243; _module_preset=&#8220;default&#8220; use_background_color_gradient=&#8220;on&#8220; background_color_gradient_stops=&#8220;rgba(0,0,0,0.43) 0%|rgba(214,204,166,0.85) 100%&#8220; background_color_gradient_overlays_image=&#8220;on&#8220; background_color_gradient_start=&#8220;rgba(0,0,0,0.43)&#8220; background_color_gradient_end=&#8220;rgba(214,204,166,0.85)&#8220; background_image=&#8220;https:\/\/www.momjan.com\/wp-content\/uploads\/2025\/08\/Final-13-scaled.jpg&#8220; global_colors_info=&#8220;{}&#8220;][et_pb_row column_structure=&#8220;3_5,2_5&#8243; _builder_version=&#8220;4.16&#8243; _module_preset=&#8220;default&#8220; global_colors_info=&#8220;{}&#8220;][et_pb_column type=&#8220;3_5&#8243; _builder_version=&#8220;4.16&#8243; _module_preset=&#8220;default&#8220; global_colors_info=&#8220;{}&#8220;][et_pb_image src=&#8220;https:\/\/www.momjan.com\/wp-content\/uploads\/2025\/08\/Unknown-scaled.jpeg&#8220; title_text=&#8220;Unknown&#8220; align=&#8220;center&#8220; _builder_version=&#8220;4.27.4&#8243; _module_preset=&#8220;default&#8220; module_alignment=&#8220;center&#8220; max_height=&#8220;434px&#8220; global_colors_info=&#8220;{}&#8220;][\/et_pb_image][\/et_pb_column][et_pb_column type=&#8220;2_5&#8243; _builder_version=&#8220;4.16&#8243; _module_preset=&#8220;default&#8220; global_colors_info=&#8220;{}&#8220;][et_pb_text _builder_version=&#8220;4.27.4&#8243; _module_preset=&#8220;default&#8220; text_text_color=&#8220;#FFFFFF&#8220; header_2_text_color=&#8220;#FFFFFF&#8220; header_2_font_size=&#8220;49px&#8220; hover_enabled=&#8220;0&#8243; global_colors_info=&#8220;{}&#8220; sticky_enabled=&#8220;0&#8243;]<\/p>\n<h2>shop.momjan<\/h2>\n<p>Entdecken Sie unsere kaltgepressten Oliven\u00f6le aus unseren eigenen Hainen f\u00fcr Ihre K\u00fcche zu Hause. Lassen Sie sich vom Geschmack Istriens verzaubern und genie\u00dfen Sie ein St\u00fcck Urlaub in der ehmischen K\u00fcche.<\/p>\n<p>[\/et_pb_text][et_pb_button button_url=&#8220;@ET-DC@eyJkeW5hbWljIjp0cnVlLCJjb250ZW50IjoicG9zdF9saW5rX3VybF9wYWdlIiwic2V0dGluZ3MiOnsicG9zdF9pZCI6IjMwOSJ9fQ==@&#8220; button_text=&#8220;Shop&#8220; _builder_version=&#8220;4.27.4&#8243; _dynamic_attributes=&#8220;button_url&#8220; _module_preset=&#8220;_initial&#8220; background_layout=&#8220;dark&#8220; global_colors_info=&#8220;{}&#8220;][\/et_pb_button][\/et_pb_column][\/et_pb_row][\/et_pb_section][et_pb_section fb_built=&#8220;1&#8243; theme_builder_area=&#8220;post_content&#8220; _builder_version=&#8220;4.27.4&#8243; _module_preset=&#8220;default&#8220;][et_pb_row _builder_version=&#8220;4.27.4&#8243; _module_preset=&#8220;default&#8220; column_structure=&#8220;1_3,2_3&#8243; theme_builder_area=&#8220;post_content&#8220; hover_enabled=&#8220;0&#8243; sticky_enabled=&#8220;0&#8243;][et_pb_column _builder_version=&#8220;4.27.4&#8243; _module_preset=&#8220;default&#8220; type=&#8220;1_3&#8243; theme_builder_area=&#8220;post_content&#8220;][et_pb_text _builder_version=&#8220;4.27.4&#8243; _module_preset=&#8220;default&#8220; text_text_color=&#8220;#000000&#8243; header_2_text_color=&#8220;#000000&#8243; header_2_font_size=&#8220;49px&#8220; hover_enabled=&#8220;0&#8243; global_colors_info=&#8220;{}&#8220; sticky_enabled=&#8220;0&#8243; locked=&#8220;off&#8220; theme_builder_area=&#8220;post_content&#8220; header_font=&#8220;||||||||&#8220; custom_margin=&#8220;100px||||false|false&#8220;]<\/p>\n<h2>Livingin21st<\/h2>\n<h4>LIVING IN 21st steht f\u00fcr genussvolles Leben im 21. Jahrhundert!<\/p>\n<\/h4>\n<p><span>Zum Leben im 21. Jahrhundert geh\u00f6ren <\/span><b>hochwertige, handgefertigte Produkte<\/b><span> aus unserer <\/span><b>n\u00e4heren Umgebung.<\/b><span>\u00a0<\/span><\/p>\n<p>St\u00fccke, die man sonst oft nur in der Spitzengastronomie findet, und die uns am Herzen liegen:\u00a0<span>Damit das Genie\u00dfen zu Hause auch rundum gelingt<\/span><\/p>\n<p>[\/et_pb_text][et_pb_button button_url=&#8220;https:\/\/livingin21.com&#8220; button_text=&#8220;Shop&#8220; _builder_version=&#8220;4.27.4&#8243; _module_preset=&#8220;_initial&#8220; hover_enabled=&#8220;0&#8243; global_colors_info=&#8220;{}&#8220; locked=&#8220;off&#8220; theme_builder_area=&#8220;post_content&#8220; sticky_enabled=&#8220;0&#8243;][\/et_pb_button][\/et_pb_column][et_pb_column _builder_version=&#8220;4.27.4&#8243; _module_preset=&#8220;default&#8220; type=&#8220;2_3&#8243; theme_builder_area=&#8220;post_content&#8220;][et_pb_image src=&#8220;https:\/\/www.momjan.com\/wp-content\/uploads\/2021\/06\/portrait_katarina_ee_DSCF8039-scaled.jpg&#8220; _builder_version=&#8220;4.27.4&#8243; _module_preset=&#8220;default&#8220; theme_builder_area=&#8220;post_content&#8220; title_text=&#8220;portrait_katarina_ee_DSCF8039&#8243; hover_enabled=&#8220;0&#8243; sticky_enabled=&#8220;0&#8243;][\/et_pb_image][\/et_pb_column][\/et_pb_row][\/et_pb_section][et_pb_section fb_built=&#8220;1&#8243; _builder_version=&#8220;4.27.4&#8243; _module_preset=&#8220;default&#8220; background_color=&#8220;#FFFFFF&#8220; hover_enabled=&#8220;0&#8243; global_colors_info=&#8220;{}&#8220; use_background_color_gradient=&#8220;on&#8220; background_color_gradient_direction=&#8220;360deg&#8220; background_color_gradient_stops=&#8220;rgba(2,10,0,0.58) 68%|rgba(196,196,196,0) 100%&#8220; sticky_enabled=&#8220;0&#8243;][et_pb_row _builder_version=&#8220;4.27.4&#8243; _module_preset=&#8220;default&#8220; hover_enabled=&#8220;0&#8243; global_colors_info=&#8220;{}&#8220; sticky_enabled=&#8220;0&#8243;][et_pb_column type=&#8220;4_4&#8243; _builder_version=&#8220;4.16&#8243; _module_preset=&#8220;default&#8220; global_colors_info=&#8220;{}&#8220;][et_pb_text _builder_version=&#8220;4.27.4&#8243; _module_preset=&#8220;default&#8220; hover_enabled=&#8220;0&#8243; global_colors_info=&#8220;{%22gcid-7548ccd0-3a86-4c27-a211-9ba11bfdbe0a%22:%91%22text_text_color%22%93}&#8220; text_text_color=&#8220;gcid-7548ccd0-3a86-4c27-a211-9ba11bfdbe0a&#8220; sticky_enabled=&#8220;0&#8243;]<\/p>\n<h2>So finden Sie uns.<\/h2>\n<p>Momjan &#8211; einen Katzensprung entfernt.<\/p>\n<p>[\/et_pb_text][\/et_pb_column][\/et_pb_row][et_pb_row _builder_version=&#8220;4.16&#8243; _module_preset=&#8220;default&#8220; width=&#8220;100%&#8220; max_width=&#8220;2560px&#8220; global_colors_info=&#8220;{}&#8220;][et_pb_column type=&#8220;4_4&#8243; _builder_version=&#8220;4.16&#8243; _module_preset=&#8220;default&#8220; global_colors_info=&#8220;{}&#8220;][et_pb_code _builder_version=&#8220;4.16&#8243; _module_preset=&#8220;default&#8220; global_colors_info=&#8220;{}&#8220;]<iframe src=\"https:\/\/www.google.com\/maps\/embed?pb=!1m18!1m12!1m3!1d2927.0662868783115!2d13.706254215497156!3d45.43987054308768!2m3!1f0!2f0!3f0!3m2!1i1024!2i768!4f13.1!3m3!1m2!1s0x477b619e05c03967%3A0xfe0f217115cc365b!2sTOM%20R.%20Momjan%20-%20Casa%20Dante!5e1!3m2!1sde!2sat!4v1617800929955!5m2!1sde!2sat\" width=\"100%\" height=\"600\" style=\"border:0;\" allowfullscreen=\"\" loading=\"lazy\"><\/iframe>[\/et_pb_code][\/et_pb_column][\/et_pb_row][\/et_pb_section]<\/p>\n","protected":false},"excerpt":{"rendered":"<p>Momjan &#8211; Momiano \u00a0Wir freuen uns&#8230; Sie bei uns in Momjan\/Momiano begr\u00fc\u00dfen zu d\u00fcrfen. Momjan ist f\u00fcr uns der Inbegriff eines entschleunigten und genusserf\u00fcllten Lebens- gef\u00fchls. Ankommen und Abschalten liegen f\u00fcr uns hier in Nordistrien sehr nahe beieinander. Wir, Tom und Katarina Riederer haben hier unsere neue Heimat gefunden und m\u00f6chten unser St\u00fcck vom Gl\u00fcck [&hellip;]<\/p>\n","protected":false},"author":1,"featured_media":0,"parent":0,"menu_order":0,"comment_status":"closed","ping_status":"closed","template":"","meta":{"_et_pb_use_builder":"on","_et_pb_old_content":"","_et_gb_content_width":"","footnotes":""},"class_list":["post-364","page","type-page","status-publish","hentry"],"_links":{"self":[{"href":"https:\/\/www.momjan.com\/en\/wp-json\/wp\/v2\/pages\/364","targetHints":{"allow":["GET"]}}],"collection":[{"href":"https:\/\/www.momjan.com\/en\/wp-json\/wp\/v2\/pages"}],"about":[{"href":"https:\/\/www.momjan.com\/en\/wp-json\/wp\/v2\/types\/page"}],"author":[{"embeddable":true,"href":"https:\/\/www.momjan.com\/en\/wp-json\/wp\/v2\/users\/1"}],"replies":[{"embeddable":true,"href":"https:\/\/www.momjan.com\/en\/wp-json\/wp\/v2\/comments?post=364"}],"version-history":[{"count":70,"href":"https:\/\/www.momjan.com\/en\/wp-json\/wp\/v2\/pages\/364\/revisions"}],"predecessor-version":[{"id":2950,"href":"https:\/\/www.momjan.com\/en\/wp-json\/wp\/v2\/pages\/364\/revisions\/2950"}],"wp:attachment":[{"href":"https:\/\/www.momjan.com\/en\/wp-json\/wp\/v2\/media?parent=364"}],"curies":[{"name":"wp","href":"https:\/\/api.w.org\/{rel}","templated":true}]}}