{"id":2855,"date":"2025-08-07T09:33:34","date_gmt":"2025-08-07T07:33:34","guid":{"rendered":"https:\/\/www.momjan.com\/?post_type=product&#038;p=2855"},"modified":"2025-08-07T09:34:22","modified_gmt":"2025-08-07T07:34:22","slug":"momjan-olivenoel-weisser-trueffel","status":"publish","type":"product","link":"https:\/\/www.momjan.com\/en\/shop\/momjan-olivenoel-weisser-trueffel\/","title":{"rendered":"Momjan Oliven\u00f6l &#8211; weisser Tr\u00fcffel"},"content":{"rendered":"<h3 data-start=\"235\" data-end=\"297\"><strong data-start=\"239\" data-end=\"297\">MOM.JAN Tr\u00fcffel-Oliven\u00f6l \u2013 veredelt mit wei\u00dfem Tr\u00fcffel<\/strong><\/h3>\n<p data-start=\"299\" data-end=\"490\">Dieses exklusive \u00d6l kombiniert unser kaltgepresstes MOM.JAN Oliven\u00f6l aus der istrischen Region Momjan mit dem edlen Aroma des <strong data-start=\"425\" data-end=\"444\">wei\u00dfen Tr\u00fcffels<\/strong> \u2013 eine der kostbarsten Delikatessen der Welt.<\/p>\n<p data-start=\"492\" data-end=\"795\">Die Basis bildet unser sortenreiches Oliven\u00f6l, gewonnen aus handverlesenen Oliven und schonend kaltgepresst, um die nat\u00fcrlichen Aromen und N\u00e4hrstoffe zu bewahren. Verfeinert mit wei\u00dfem Tr\u00fcffel entsteht ein \u00d6l, das durch <strong data-start=\"712\" data-end=\"785\">zarte Eleganz, feine Erdigkeit und eine unverkennbare, luxuri\u00f6se Note<\/strong> besticht.<\/p>\n<p data-start=\"797\" data-end=\"1034\"><strong data-start=\"797\" data-end=\"852\">Der Geschmack ist intensiv und doch fein abgestimmt<\/strong> \u2013 perfekt, um raffinierte Gerichte zu veredeln: Pasta, Kartoffelp\u00fcree, Eierspeisen, cremige Suppen oder ein Risotto bekommen mit wenigen Tropfen dieses \u00d6ls einen Hauch Gourmetk\u00fcche.<\/p>\n<p data-start=\"1036\" data-end=\"1099\">Ein Tropfen gen\u00fcgt \u2013 und Ihre K\u00fcche wird zur Tr\u00fcffelmanufaktur.<\/p>","protected":false},"excerpt":{"rendered":"<p>MOM.JAN Tr\u00fcffel-Oliven\u00f6l \u2013 veredelt mit wei\u00dfem Tr\u00fcffel Dieses exklusive \u00d6l kombiniert unser kaltgepresstes MOM.JAN Oliven\u00f6l aus der istrischen Region Momjan mit dem edlen Aroma des wei\u00dfen Tr\u00fcffels \u2013 eine der kostbarsten Delikatessen der Welt. Die Basis bildet unser sortenreiches Oliven\u00f6l, gewonnen aus handverlesenen Oliven und schonend kaltgepresst, um die nat\u00fcrlichen Aromen und N\u00e4hrstoffe zu bewahren. [&hellip;]<\/p>\n","protected":false},"featured_media":2858,"template":"","meta":{"_et_pb_use_builder":"","_et_pb_old_content":"","_et_gb_content_width":""},"product_brand":[],"product_cat":[25],"product_tag":[],"class_list":{"0":"post-2855","1":"product","2":"type-product","3":"status-publish","4":"has-post-thumbnail","6":"product_cat-olivenoel","8":"first","9":"instock","10":"shipping-taxable","11":"purchasable","12":"product-type-variable"},"_links":{"self":[{"href":"https:\/\/www.momjan.com\/en\/wp-json\/wp\/v2\/product\/2855","targetHints":{"allow":["GET"]}}],"collection":[{"href":"https:\/\/www.momjan.com\/en\/wp-json\/wp\/v2\/product"}],"about":[{"href":"https:\/\/www.momjan.com\/en\/wp-json\/wp\/v2\/types\/product"}],"wp:featuredmedia":[{"embeddable":true,"href":"https:\/\/www.momjan.com\/en\/wp-json\/wp\/v2\/media\/2858"}],"wp:attachment":[{"href":"https:\/\/www.momjan.com\/en\/wp-json\/wp\/v2\/media?parent=2855"}],"wp:term":[{"taxonomy":"product_brand","embeddable":true,"href":"https:\/\/www.momjan.com\/en\/wp-json\/wp\/v2\/product_brand?post=2855"},{"taxonomy":"product_cat","embeddable":true,"href":"https:\/\/www.momjan.com\/en\/wp-json\/wp\/v2\/product_cat?post=2855"},{"taxonomy":"product_tag","embeddable":true,"href":"https:\/\/www.momjan.com\/en\/wp-json\/wp\/v2\/product_tag?post=2855"}],"curies":[{"name":"wp","href":"https:\/\/api.w.org\/{rel}","templated":true}]}}